{"id":134,"date":"2020-03-21T17:42:24","date_gmt":"2020-03-21T16:42:24","guid":{"rendered":"https:\/\/jupiterx.artbees.net\/fundraising\/?page_id=134"},"modified":"2023-03-15T11:38:57","modified_gmt":"2023-03-15T10:38:57","slug":"polityka-prywatnosci","status":"publish","type":"page","link":"https:\/\/istelcare.pl\/en\/polityka-prywatnosci\/","title":{"rendered":"Privacy Policy"},"content":{"rendered":"<div data-elementor-type=\"wp-page\" data-elementor-id=\"134\" class=\"elementor elementor-134\">\n\t\t\t\t\t\t<div class=\"elementor-inner\">\n\t\t\t\t<div class=\"elementor-section-wrap\">\n\t\t\t\t\t\t\t\t\t<section class=\"elementor-section elementor-top-section elementor-element elementor-element-8f4d6ba elementor-section-boxed elementor-section-height-default elementor-section-height-default\" data-id=\"8f4d6ba\" data-element_type=\"section\" data-settings=\"{&quot;jet_parallax_layout_list&quot;:[{&quot;_id&quot;:&quot;89f2cf4&quot;,&quot;jet_parallax_layout_speed&quot;:{&quot;unit&quot;:&quot;%&quot;,&quot;size&quot;:&quot;50&quot;,&quot;sizes&quot;:[]},&quot;jet_parallax_layout_bg_x&quot;:&quot;6.5&quot;,&quot;jet_parallax_layout_bg_y&quot;:&quot;14&quot;,&quot;jet_parallax_layout_on&quot;:[],&quot;jet_parallax_layout_image&quot;:{&quot;url&quot;:&quot;&quot;,&quot;id&quot;:&quot;&quot;,&quot;size&quot;:&quot;&quot;},&quot;jet_parallax_layout_image_tablet&quot;:{&quot;url&quot;:&quot;&quot;,&quot;id&quot;:&quot;&quot;,&quot;size&quot;:&quot;&quot;},&quot;jet_parallax_layout_image_mobile&quot;:{&quot;url&quot;:&quot;&quot;,&quot;id&quot;:&quot;&quot;,&quot;size&quot;:&quot;&quot;},&quot;jet_parallax_layout_type&quot;:&quot;scroll&quot;,&quot;jet_parallax_layout_direction&quot;:null,&quot;jet_parallax_layout_fx_direction&quot;:null,&quot;jet_parallax_layout_z_index&quot;:&quot;&quot;,&quot;jet_parallax_layout_bg_x_tablet&quot;:&quot;&quot;,&quot;jet_parallax_layout_bg_x_mobile&quot;:&quot;&quot;,&quot;jet_parallax_layout_bg_y_tablet&quot;:&quot;&quot;,&quot;jet_parallax_layout_bg_y_mobile&quot;:&quot;&quot;,&quot;jet_parallax_layout_bg_size&quot;:&quot;auto&quot;,&quot;jet_parallax_layout_bg_size_tablet&quot;:&quot;&quot;,&quot;jet_parallax_layout_bg_size_mobile&quot;:&quot;&quot;,&quot;jet_parallax_layout_animation_prop&quot;:&quot;transform&quot;}],&quot;background_background&quot;:&quot;classic&quot;}\">\n\t\t\t\t\t\t<div class=\"elementor-container elementor-column-gap-no\">\n\t\t\t\t\t\t\t<div class=\"elementor-row\">\n\t\t\t\t\t<div class=\"elementor-column elementor-col-100 elementor-top-column elementor-element elementor-element-449b9cf\" data-id=\"449b9cf\" data-element_type=\"column\">\n\t\t\t<div class=\"elementor-column-wrap\">\n\t\t\t\t\t\t\t<div class=\"elementor-widget-wrap\">\n\t\t\t\t\t\t\t\t<\/div>\n\t\t\t\t\t<\/div>\n\t\t<\/div>\n\t\t\t\t\t\t\t\t<\/div>\n\t\t\t\t\t<\/div>\n\t\t<\/section>\n\t\t\t\t<section class=\"elementor-section elementor-top-section elementor-element elementor-element-9fb9a30 elementor-section-boxed elementor-section-height-default elementor-section-height-default\" data-id=\"9fb9a30\" data-element_type=\"section\" data-settings=\"{&quot;jet_parallax_layout_list&quot;:[{&quot;jet_parallax_layout_image&quot;:{&quot;url&quot;:&quot;&quot;,&quot;id&quot;:&quot;&quot;,&quot;size&quot;:&quot;&quot;},&quot;_id&quot;:&quot;8b82fea&quot;,&quot;jet_parallax_layout_image_tablet&quot;:{&quot;url&quot;:&quot;&quot;,&quot;id&quot;:&quot;&quot;,&quot;size&quot;:&quot;&quot;},&quot;jet_parallax_layout_image_mobile&quot;:{&quot;url&quot;:&quot;&quot;,&quot;id&quot;:&quot;&quot;,&quot;size&quot;:&quot;&quot;},&quot;jet_parallax_layout_speed&quot;:{&quot;unit&quot;:&quot;%&quot;,&quot;size&quot;:50,&quot;sizes&quot;:[]},&quot;jet_parallax_layout_type&quot;:&quot;scroll&quot;,&quot;jet_parallax_layout_direction&quot;:null,&quot;jet_parallax_layout_fx_direction&quot;:null,&quot;jet_parallax_layout_z_index&quot;:&quot;&quot;,&quot;jet_parallax_layout_bg_x&quot;:50,&quot;jet_parallax_layout_bg_x_tablet&quot;:&quot;&quot;,&quot;jet_parallax_layout_bg_x_mobile&quot;:&quot;&quot;,&quot;jet_parallax_layout_bg_y&quot;:50,&quot;jet_parallax_layout_bg_y_tablet&quot;:&quot;&quot;,&quot;jet_parallax_layout_bg_y_mobile&quot;:&quot;&quot;,&quot;jet_parallax_layout_bg_size&quot;:&quot;auto&quot;,&quot;jet_parallax_layout_bg_size_tablet&quot;:&quot;&quot;,&quot;jet_parallax_layout_bg_size_mobile&quot;:&quot;&quot;,&quot;jet_parallax_layout_animation_prop&quot;:&quot;transform&quot;,&quot;jet_parallax_layout_on&quot;:[&quot;desktop&quot;,&quot;tablet&quot;]}]}\">\n\t\t\t\t\t\t<div class=\"elementor-container elementor-column-gap-default\">\n\t\t\t\t\t\t\t<div class=\"elementor-row\">\n\t\t\t\t\t<div class=\"elementor-column elementor-col-100 elementor-top-column elementor-element elementor-element-21be354\" data-id=\"21be354\" data-element_type=\"column\">\n\t\t\t<div class=\"elementor-column-wrap elementor-element-populated\">\n\t\t\t\t\t\t\t<div class=\"elementor-widget-wrap\">\n\t\t\t\t\t\t<div class=\"elementor-element elementor-element-a44e111 elementor-widget elementor-widget-text-editor\" data-id=\"a44e111\" data-element_type=\"widget\" data-widget_type=\"text-editor.default\">\n\t\t\t\t<div class=\"elementor-widget-container\">\n\t\t\t\t\t\t\t\t<div class=\"elementor-text-editor elementor-clearfix\">\n\t\t\t\t<div class=\"wysiwyg\">\n<p>The privacy and cookie policy includes the principles and rules for dealing with personal data and the use of cookies and other technologies on the website www.istelcare.pl<\/p>\n<p>The website administrator is <strong>DIAGNOSIS S.A. based in Bia\u0142ystok<\/strong>, (15-113), at ul. Gen. W. Andersa 38A, entered into the Register of Entrepreneurs kept by the District Court in Bia\u0142ystok, XII Commercial Division of the National Court Register, under the number KRS 0000431765, NIP: 542-27-65-590, REGON 052130191, with share capital of PLN 603,000 paid in full,<\/p>\n<p>Contact with the administrator is possible at the e-mail address diagnosis@diagnosis.pl<\/p>\n<ul>\n<li><strong>1 Definitions<\/strong><\/li>\n<\/ul>\n<p>For the purposes of this privacy policy, the following terms are used:<\/p>\n<ol>\n<li>Administrator \u2013 <strong>DIAGNOSIS S.A. based in Bia\u0142ystok<\/strong>, (15-113), at ul. Gen. W. Andersa 38A, entered into the Register of Entrepreneurs kept by the District Court in Bia\u0142ystok, XII Commercial Division of the National Court Register, under the number KRS 0000431765, NIP: 542-27-65-590, REGON 052130191, with share capital of PLN 603,000 paid in full,<\/li>\n<li>Website - website located at <a href=\"https:\/\/diagnosis-www.home-net.pl\">https:\/\/diagnosis-www.home-net.pl<\/a><\/li>\n<li>User - any entity that uses the Website.<\/li>\n<\/ol>\n<ul>\n<li><strong>2 Personal data<\/strong><\/li>\n<\/ul>\n<ol>\n<li>The User may provide his personal data to the Administrator using the forms on the Website, such as the contact form<\/li>\n<li>The Administrator of Personal Data is Diagnosis S.A. based in Bia\u0142ystok (registration data as in \u00a7 1 point 1).<\/li>\n<li>The data provided to the Administrator as part of the contact form are processed solely for the purpose of establishing contact with you and presenting commercial information or promoting offers regarding the Company's products (implementation of the Administrator's legitimate interests).<\/li>\n<li>The administrator will make every effort to guarantee the confidentiality of any personal data provided to him.<\/li>\n<li>The administrator entrusts the data to external entities mentioned in point 9. Personal data is collected with due diligence and properly protected against access by unauthorized persons.<\/li>\n<li>Voluntary provision of data Providing data is completely voluntary, however, their absence will prevent contact for the purpose referred to in point 3 above.<\/li>\n<li>Automated decision-making Your data will not be processed allowing automated decisions to be made in relation to you, including profiling. Profiling is understood as any form of automated (carried out with the use of technical devices) personal data processing, which consists in the use of this data, in particular, to analyze or forecast behavior, preferences<\/li>\n<li>The user has the following rights:\n<ul>\n<li>the right to request access to your data, rectification, deletion or limitation of processing,<\/li>\n<li>the right to object to the processing,<\/li>\n<li>the right to transfer data,<\/li>\n<li>the right to withdraw consent to the processing of personal data for a specific purpose, if the User previously gave such consent,<\/li>\n<li>the right to lodge a complaint with the supervisory body in relation to the processing of personal data by the Administrator; the competent supervisory authority is the President of the Personal Data Protection Office.<\/li>\n<\/ul>\n<\/li>\n<\/ol>\n<ul>\n<li><strong>3 Cookies<\/strong><\/li>\n<\/ul>\n<ol>\n<li>The administrator uses cookies (cookies), i.e. small text information, stored on the User's end device (e.g. computer, tablet, smartphone). Cookies can be read by the Administrator's IT system.<\/li>\n<li>Administrator przechowuje pliki cookies na urz\u0105dzeniu ko\u0144cowym U\u017cytkownika, a nast\u0119pnie uzyskuje dost\u0119p do informacji w nich zawartych w celach statystycznych, w celach marketingowych (remarketing) oraz w celu zapewnienia prawid\u0142owego dzia\u0142ania Strony.<\/li>\n<li>The Administrator informs the User that it is possible to configure the web browser in such a way that it prevents the storage of cookies on the User's end device. In such a situation, the use of the Website by the User may be difficult.<\/li>\n<li>The Administrator hereby indicates that cookies may be deleted by the User after they have been saved by the Administrator, through the appropriate functions of the web browser, programs used for this purpose or using appropriate tools available under the operating system used by the User.<\/li>\n<\/ol>\n<ul>\n<li><strong>4 Other technologies<\/strong><\/li>\n<\/ul>\n<p>The Administrator informs the User that he uses the following technologies to track the actions taken by the User within the Website:<\/p>\n<ul>\n<li>Facebook conversion pixel - to manage Facebook ads and conduct remarketing activities,<\/li>\n<li>Google Analitycs tracking code - to analyze Website statistics.<\/li>\n<\/ul>\n<ul>\n<li><strong>5 Server logs<\/strong><\/li>\n<\/ul>\n<ol>\n<li>Using the Website involves sending queries to the server on which the Website is stored.<\/li>\n<li>Each query directed to the server is saved in the server logs. Logs include User's IP address, server date and time, information about the web browser and operating system used by the User.<\/li>\n<li>Logs are saved and stored on the server.<\/li>\n<li>The data stored in the server logs are not associated with specific people using the Website and are not used by the Administrator to identify the User.<\/li>\n<li>The server logs are only auxiliary material used to administer the Website, and their content is not disclosed to anyone except those authorized to administer the server.<\/li>\n<\/ol>\n<\/div>\t\t\t\t\t<\/div>\n\t\t\t\t\t\t<\/div>\n\t\t\t\t<\/div>\n\t\t\t\t\t\t<\/div>\n\t\t\t\t\t<\/div>\n\t\t<\/div>\n\t\t\t\t\t\t\t\t<\/div>\n\t\t\t\t\t<\/div>\n\t\t<\/section>\n\t\t\t\t\t\t\t\t\t<\/div>\n\t\t\t<\/div>\n\t\t\t\t\t<\/div>","protected":false},"excerpt":{"rendered":"<p>Niniejsza polityka prywatno\u015bci i plik\u00f3w cookies okre\u015bla spos\u00f3b i zasady post\u0119powania z danymi osobowymi oraz zastosowania plik\u00f3w cookies i innych technologii w obr\u0119bie witryny internetowej www.istelcare.pl Administratorem strony jest DIAGNOSIS S.A. z siedzib\u0105 w Bia\u0142ymstoku, (15-113), przy ul. Gen. W. Andersa 38A, wpisan\u0105 do Rejestru Przedsi\u0119biorc\u00f3w prowadzonego przez S\u0105d Rejonowy w Bia\u0142ymstoku XII Wydzia\u0142 Gospodarczy [&hellip;]<\/p>","protected":false},"author":1,"featured_media":0,"parent":0,"menu_order":0,"comment_status":"closed","ping_status":"closed","template":"full-width.php","meta":[],"tags":[],"acf":[],"yoast_head":"<!-- This site is optimized with the Yoast SEO plugin v20.8 - https:\/\/yoast.com\/wordpress\/plugins\/seo\/ -->\n<title>Polityka prywatno\u015bci - IstelCare.pl<\/title>\n<meta name=\"robots\" content=\"index, follow, max-snippet:-1, max-image-preview:large, max-video-preview:-1\" \/>\n<link rel=\"canonical\" href=\"https:\/\/istelcare.pl\/en\/polityka-prywatnosci\/\" \/>\n<meta property=\"og:locale\" content=\"en_GB\" \/>\n<meta property=\"og:type\" content=\"article\" \/>\n<meta property=\"og:title\" content=\"Polityka prywatno\u015bci - IstelCare.pl\" \/>\n<meta property=\"og:description\" content=\"Niniejsza polityka prywatno\u015bci i plik\u00f3w cookies okre\u015bla spos\u00f3b i zasady post\u0119powania z danymi osobowymi oraz zastosowania plik\u00f3w cookies i innych technologii w obr\u0119bie witryny internetowej www.istelcare.pl Administratorem strony jest DIAGNOSIS S.A. z siedzib\u0105 w Bia\u0142ymstoku, (15-113), przy ul. Gen. W. Andersa 38A, wpisan\u0105 do Rejestru Przedsi\u0119biorc\u00f3w prowadzonego przez S\u0105d Rejonowy w Bia\u0142ymstoku XII Wydzia\u0142 Gospodarczy [&hellip;]\" \/>\n<meta property=\"og:url\" content=\"https:\/\/istelcare.pl\/en\/polityka-prywatnosci\/\" \/>\n<meta property=\"og:site_name\" content=\"IstelCare.pl\" \/>\n<meta property=\"article:modified_time\" content=\"2023-03-15T10:38:57+00:00\" \/>\n<meta name=\"twitter:card\" content=\"summary_large_image\" \/>\n<meta name=\"twitter:label1\" content=\"Estimated reading time\" \/>\n\t<meta name=\"twitter:data1\" content=\"5 minutes\" \/>\n<script type=\"application\/ld+json\" class=\"yoast-schema-graph\">{\"@context\":\"https:\/\/schema.org\",\"@graph\":[{\"@type\":\"WebPage\",\"@id\":\"https:\/\/istelcare.pl\/polityka-prywatnosci\/\",\"url\":\"https:\/\/istelcare.pl\/polityka-prywatnosci\/\",\"name\":\"Polityka prywatno\u015bci - IstelCare.pl\",\"isPartOf\":{\"@id\":\"https:\/\/istelcare.pl\/#website\"},\"datePublished\":\"2020-03-21T16:42:24+00:00\",\"dateModified\":\"2023-03-15T10:38:57+00:00\",\"breadcrumb\":{\"@id\":\"https:\/\/istelcare.pl\/polityka-prywatnosci\/#breadcrumb\"},\"inLanguage\":\"en-GB\",\"potentialAction\":[{\"@type\":\"ReadAction\",\"target\":[\"https:\/\/istelcare.pl\/polityka-prywatnosci\/\"]}]},{\"@type\":\"BreadcrumbList\",\"@id\":\"https:\/\/istelcare.pl\/polityka-prywatnosci\/#breadcrumb\",\"itemListElement\":[{\"@type\":\"ListItem\",\"position\":1,\"name\":\"Istelcare\",\"item\":\"https:\/\/istelcare.pl\/\"},{\"@type\":\"ListItem\",\"position\":2,\"name\":\"Polityka prywatno\u015bci\"}]},{\"@type\":\"WebSite\",\"@id\":\"https:\/\/istelcare.pl\/#website\",\"url\":\"https:\/\/istelcare.pl\/\",\"name\":\"IstelCare.pl\",\"description\":\"Zdalne monitorowanie zdrowia pacjent\u00f3w\",\"publisher\":{\"@id\":\"https:\/\/istelcare.pl\/#organization\"},\"potentialAction\":[{\"@type\":\"SearchAction\",\"target\":{\"@type\":\"EntryPoint\",\"urlTemplate\":\"https:\/\/istelcare.pl\/?s={search_term_string}\"},\"query-input\":\"required name=search_term_string\"}],\"inLanguage\":\"en-GB\"},{\"@type\":\"Organization\",\"@id\":\"https:\/\/istelcare.pl\/#organization\",\"name\":\"Istelcare\",\"url\":\"https:\/\/istelcare.pl\/\",\"logo\":{\"@type\":\"ImageObject\",\"inLanguage\":\"en-GB\",\"@id\":\"https:\/\/istelcare.pl\/#\/schema\/logo\/image\/\",\"url\":\"https:\/\/istelcare.pl\/wp-content\/uploads\/2021\/03\/android-chrome-512x512-2.png\",\"contentUrl\":\"https:\/\/istelcare.pl\/wp-content\/uploads\/2021\/03\/android-chrome-512x512-2.png\",\"width\":179,\"height\":179,\"caption\":\"Istelcare\"},\"image\":{\"@id\":\"https:\/\/istelcare.pl\/#\/schema\/logo\/image\/\"}}]}<\/script>\n<!-- \/ Yoast SEO plugin. -->","yoast_head_json":{"title":"Polityka prywatno\u015bci - IstelCare.pl","robots":{"index":"index","follow":"follow","max-snippet":"max-snippet:-1","max-image-preview":"max-image-preview:large","max-video-preview":"max-video-preview:-1"},"canonical":"https:\/\/istelcare.pl\/en\/polityka-prywatnosci\/","og_locale":"en_GB","og_type":"article","og_title":"Polityka prywatno\u015bci - IstelCare.pl","og_description":"Niniejsza polityka prywatno\u015bci i plik\u00f3w cookies okre\u015bla spos\u00f3b i zasady post\u0119powania z danymi osobowymi oraz zastosowania plik\u00f3w cookies i innych technologii w obr\u0119bie witryny internetowej www.istelcare.pl Administratorem strony jest DIAGNOSIS S.A. z siedzib\u0105 w Bia\u0142ymstoku, (15-113), przy ul. Gen. W. Andersa 38A, wpisan\u0105 do Rejestru Przedsi\u0119biorc\u00f3w prowadzonego przez S\u0105d Rejonowy w Bia\u0142ymstoku XII Wydzia\u0142 Gospodarczy [&hellip;]","og_url":"https:\/\/istelcare.pl\/en\/polityka-prywatnosci\/","og_site_name":"IstelCare.pl","article_modified_time":"2023-03-15T10:38:57+00:00","twitter_card":"summary_large_image","twitter_misc":{"Estimated reading time":"5 minutes"},"schema":{"@context":"https:\/\/schema.org","@graph":[{"@type":"WebPage","@id":"https:\/\/istelcare.pl\/polityka-prywatnosci\/","url":"https:\/\/istelcare.pl\/polityka-prywatnosci\/","name":"Polityka prywatno\u015bci - IstelCare.pl","isPartOf":{"@id":"https:\/\/istelcare.pl\/#website"},"datePublished":"2020-03-21T16:42:24+00:00","dateModified":"2023-03-15T10:38:57+00:00","breadcrumb":{"@id":"https:\/\/istelcare.pl\/polityka-prywatnosci\/#breadcrumb"},"inLanguage":"en-GB","potentialAction":[{"@type":"ReadAction","target":["https:\/\/istelcare.pl\/polityka-prywatnosci\/"]}]},{"@type":"BreadcrumbList","@id":"https:\/\/istelcare.pl\/polityka-prywatnosci\/#breadcrumb","itemListElement":[{"@type":"ListItem","position":1,"name":"Istelcare","item":"https:\/\/istelcare.pl\/"},{"@type":"ListItem","position":2,"name":"Polityka prywatno\u015bci"}]},{"@type":"WebSite","@id":"https:\/\/istelcare.pl\/#website","url":"https:\/\/istelcare.pl\/","name":"IstelCare.pl","description":"Zdalne monitorowanie zdrowia pacjent\u00f3w","publisher":{"@id":"https:\/\/istelcare.pl\/#organization"},"potentialAction":[{"@type":"SearchAction","target":{"@type":"EntryPoint","urlTemplate":"https:\/\/istelcare.pl\/?s={search_term_string}"},"query-input":"required name=search_term_string"}],"inLanguage":"en-GB"},{"@type":"Organization","@id":"https:\/\/istelcare.pl\/#organization","name":"Istelcare","url":"https:\/\/istelcare.pl\/","logo":{"@type":"ImageObject","inLanguage":"en-GB","@id":"https:\/\/istelcare.pl\/#\/schema\/logo\/image\/","url":"https:\/\/istelcare.pl\/wp-content\/uploads\/2021\/03\/android-chrome-512x512-2.png","contentUrl":"https:\/\/istelcare.pl\/wp-content\/uploads\/2021\/03\/android-chrome-512x512-2.png","width":179,"height":179,"caption":"Istelcare"},"image":{"@id":"https:\/\/istelcare.pl\/#\/schema\/logo\/image\/"}}]}},"_links":{"self":[{"href":"https:\/\/istelcare.pl\/en\/wp-json\/wp\/v2\/pages\/134"}],"collection":[{"href":"https:\/\/istelcare.pl\/en\/wp-json\/wp\/v2\/pages"}],"about":[{"href":"https:\/\/istelcare.pl\/en\/wp-json\/wp\/v2\/types\/page"}],"author":[{"embeddable":true,"href":"https:\/\/istelcare.pl\/en\/wp-json\/wp\/v2\/users\/1"}],"replies":[{"embeddable":true,"href":"https:\/\/istelcare.pl\/en\/wp-json\/wp\/v2\/comments?post=134"}],"version-history":[{"count":9,"href":"https:\/\/istelcare.pl\/en\/wp-json\/wp\/v2\/pages\/134\/revisions"}],"predecessor-version":[{"id":7254,"href":"https:\/\/istelcare.pl\/en\/wp-json\/wp\/v2\/pages\/134\/revisions\/7254"}],"wp:attachment":[{"href":"https:\/\/istelcare.pl\/en\/wp-json\/wp\/v2\/media?parent=134"}],"wp:term":[{"taxonomy":"post_tag","embeddable":true,"href":"https:\/\/istelcare.pl\/en\/wp-json\/wp\/v2\/tags?post=134"}],"curies":[{"name":"wp","href":"https:\/\/api.w.org\/{rel}","templated":true}]}}