{"id":728,"date":"2020-12-14T17:03:27","date_gmt":"2020-12-14T16:03:27","guid":{"rendered":"https:\/\/diagnosis-www.home-net.pl\/?page_id=728"},"modified":"2021-04-22T15:40:39","modified_gmt":"2021-04-22T13:40:39","slug":"aktualnosci","status":"publish","type":"page","link":"https:\/\/istelcare.pl\/en\/aktualnosci\/","title":{"rendered":"News"},"content":{"rendered":"<div data-elementor-type=\"wp-page\" data-elementor-id=\"728\" class=\"elementor elementor-728\">\n\t\t\t\t\t\t<div class=\"elementor-inner\">\n\t\t\t\t<div class=\"elementor-section-wrap\">\n\t\t\t\t\t\t\t\t\t<section class=\"elementor-section elementor-top-section elementor-element elementor-element-3796daf elementor-section-height-min-height elementor-section-full_width elementor-section-height-default elementor-section-items-middle\" data-id=\"3796daf\" data-element_type=\"section\" data-settings=\"{&quot;jet_parallax_layout_list&quot;:[{&quot;jet_parallax_layout_image&quot;:{&quot;url&quot;:&quot;&quot;,&quot;id&quot;:&quot;&quot;,&quot;size&quot;:&quot;&quot;},&quot;_id&quot;:&quot;be4e587&quot;,&quot;jet_parallax_layout_speed&quot;:{&quot;unit&quot;:&quot;%&quot;,&quot;size&quot;:&quot;50&quot;,&quot;sizes&quot;:[]},&quot;jet_parallax_layout_bg_x&quot;:&quot;50&quot;,&quot;jet_parallax_layout_bg_y&quot;:&quot;50&quot;,&quot;jet_parallax_layout_image_tablet&quot;:{&quot;url&quot;:&quot;&quot;,&quot;id&quot;:&quot;&quot;,&quot;size&quot;:&quot;&quot;},&quot;jet_parallax_layout_image_mobile&quot;:{&quot;url&quot;:&quot;&quot;,&quot;id&quot;:&quot;&quot;,&quot;size&quot;:&quot;&quot;},&quot;jet_parallax_layout_type&quot;:&quot;scroll&quot;,&quot;jet_parallax_layout_direction&quot;:null,&quot;jet_parallax_layout_fx_direction&quot;:null,&quot;jet_parallax_layout_z_index&quot;:&quot;&quot;,&quot;jet_parallax_layout_bg_x_tablet&quot;:&quot;&quot;,&quot;jet_parallax_layout_bg_x_mobile&quot;:&quot;&quot;,&quot;jet_parallax_layout_bg_y_tablet&quot;:&quot;&quot;,&quot;jet_parallax_layout_bg_y_mobile&quot;:&quot;&quot;,&quot;jet_parallax_layout_bg_size&quot;:&quot;auto&quot;,&quot;jet_parallax_layout_bg_size_tablet&quot;:&quot;&quot;,&quot;jet_parallax_layout_bg_size_mobile&quot;:&quot;&quot;,&quot;jet_parallax_layout_animation_prop&quot;:&quot;transform&quot;,&quot;jet_parallax_layout_on&quot;:[&quot;desktop&quot;,&quot;tablet&quot;]}],&quot;background_background&quot;:&quot;classic&quot;}\">\n\t\t\t\t\t\t<div class=\"elementor-container elementor-column-gap-no\">\n\t\t\t\t\t\t\t<div class=\"elementor-row\">\n\t\t\t\t\t<div class=\"elementor-column elementor-col-100 elementor-top-column elementor-element elementor-element-ca9fdec\" data-id=\"ca9fdec\" data-element_type=\"column\">\n\t\t\t<div class=\"elementor-column-wrap\">\n\t\t\t\t\t\t\t<div class=\"elementor-widget-wrap\">\n\t\t\t\t\t\t\t\t<\/div>\n\t\t\t\t\t<\/div>\n\t\t<\/div>\n\t\t\t\t\t\t\t\t<\/div>\n\t\t\t\t\t<\/div>\n\t\t<\/section>\n\t\t\t\t<section class=\"elementor-section elementor-top-section elementor-element elementor-element-f0c88ff elementor-section-boxed elementor-section-height-default elementor-section-height-default\" data-id=\"f0c88ff\" data-element_type=\"section\" data-settings=\"{&quot;jet_parallax_layout_list&quot;:[{&quot;jet_parallax_layout_image&quot;:{&quot;url&quot;:&quot;&quot;,&quot;id&quot;:&quot;&quot;,&quot;size&quot;:&quot;&quot;},&quot;_id&quot;:&quot;d2f253a&quot;,&quot;jet_parallax_layout_image_tablet&quot;:{&quot;url&quot;:&quot;&quot;,&quot;id&quot;:&quot;&quot;,&quot;size&quot;:&quot;&quot;},&quot;jet_parallax_layout_image_mobile&quot;:{&quot;url&quot;:&quot;&quot;,&quot;id&quot;:&quot;&quot;,&quot;size&quot;:&quot;&quot;},&quot;jet_parallax_layout_speed&quot;:{&quot;unit&quot;:&quot;%&quot;,&quot;size&quot;:50,&quot;sizes&quot;:[]},&quot;jet_parallax_layout_type&quot;:&quot;scroll&quot;,&quot;jet_parallax_layout_direction&quot;:null,&quot;jet_parallax_layout_fx_direction&quot;:null,&quot;jet_parallax_layout_z_index&quot;:&quot;&quot;,&quot;jet_parallax_layout_bg_x&quot;:50,&quot;jet_parallax_layout_bg_x_tablet&quot;:&quot;&quot;,&quot;jet_parallax_layout_bg_x_mobile&quot;:&quot;&quot;,&quot;jet_parallax_layout_bg_y&quot;:50,&quot;jet_parallax_layout_bg_y_tablet&quot;:&quot;&quot;,&quot;jet_parallax_layout_bg_y_mobile&quot;:&quot;&quot;,&quot;jet_parallax_layout_bg_size&quot;:&quot;auto&quot;,&quot;jet_parallax_layout_bg_size_tablet&quot;:&quot;&quot;,&quot;jet_parallax_layout_bg_size_mobile&quot;:&quot;&quot;,&quot;jet_parallax_layout_animation_prop&quot;:&quot;transform&quot;,&quot;jet_parallax_layout_on&quot;:[&quot;desktop&quot;,&quot;tablet&quot;]}]}\">\n\t\t\t\t\t\t<div class=\"elementor-container elementor-column-gap-default\">\n\t\t\t\t\t\t\t<div class=\"elementor-row\">\n\t\t\t\t\t<div class=\"elementor-column elementor-col-100 elementor-top-column elementor-element elementor-element-2c331e3\" data-id=\"2c331e3\" data-element_type=\"column\">\n\t\t\t<div class=\"elementor-column-wrap elementor-element-populated\">\n\t\t\t\t\t\t\t<div class=\"elementor-widget-wrap\">\n\t\t\t\t\t\t<div class=\"elementor-element elementor-element-796f6f4 elementor-widget elementor-widget-heading\" data-id=\"796f6f4\" data-element_type=\"widget\" data-widget_type=\"heading.default\">\n\t\t\t\t<div class=\"elementor-widget-container\">\n\t\t\t<h2 class=\"elementor-heading-title elementor-size-default\">News <\/h2>\t\t<\/div>\n\t\t\t\t<\/div>\n\t\t\t\t<div class=\"elementor-element elementor-element-9a63e39 elementor-grid-4 elementor-grid-tablet-2 elementor-grid-mobile-1 elementor-posts--thumbnail-top elementor-widget elementor-widget-posts\" data-id=\"9a63e39\" data-element_type=\"widget\" data-settings=\"{&quot;classic_columns&quot;:&quot;4&quot;,&quot;classic_columns_tablet&quot;:&quot;2&quot;,&quot;classic_columns_mobile&quot;:&quot;1&quot;,&quot;classic_row_gap&quot;:{&quot;unit&quot;:&quot;px&quot;,&quot;size&quot;:35,&quot;sizes&quot;:[]},&quot;classic_row_gap_tablet&quot;:{&quot;unit&quot;:&quot;px&quot;,&quot;size&quot;:&quot;&quot;,&quot;sizes&quot;:[]},&quot;classic_row_gap_mobile&quot;:{&quot;unit&quot;:&quot;px&quot;,&quot;size&quot;:&quot;&quot;,&quot;sizes&quot;:[]}}\" data-widget_type=\"posts.classic\">\n\t\t\t\t<div class=\"elementor-widget-container\">\n\t\t\t\t\t<div class=\"elementor-posts-container elementor-posts elementor-posts--skin-classic elementor-grid\">\n\t\t\t\t<article class=\"elementor-post elementor-grid-item post-6239 post type-post status-publish format-standard has-post-thumbnail hentry\">\n\t\t\t\t<a class=\"elementor-post__thumbnail__link\" href=\"https:\/\/istelcare.pl\/en\/telemedycyna-jako-narzedzie-walki-z-cukrzyca-wykorzystanie-technologii-telemedycznych-w-diabetologii\/\" >\n\t\t\t<div class=\"elementor-post__thumbnail\"><img decoding=\"async\" width=\"500\" height=\"500\" src=\"https:\/\/istelcare.pl\/wp-content\/uploads\/2021\/06\/Aktualnosci-Sesja-Diagnosis-PTD-500x500.jpg\" class=\"attachment-Image Size 500x500 size-Image Size 500x500 wp-image-6240\" alt=\"\" loading=\"lazy\" srcset=\"https:\/\/istelcare.pl\/wp-content\/uploads\/2021\/06\/Aktualnosci-Sesja-Diagnosis-PTD-500x500.jpg 500w, https:\/\/istelcare.pl\/wp-content\/uploads\/2021\/06\/Aktualnosci-Sesja-Diagnosis-PTD-300x300.jpg 300w, https:\/\/istelcare.pl\/wp-content\/uploads\/2021\/06\/Aktualnosci-Sesja-Diagnosis-PTD.jpg 1024w, https:\/\/istelcare.pl\/wp-content\/uploads\/2021\/06\/Aktualnosci-Sesja-Diagnosis-PTD-150x150.jpg 150w, https:\/\/istelcare.pl\/wp-content\/uploads\/2021\/06\/Aktualnosci-Sesja-Diagnosis-PTD-768x768.jpg 768w, https:\/\/istelcare.pl\/wp-content\/uploads\/2021\/06\/Aktualnosci-Sesja-Diagnosis-PTD-12x12.jpg 12w\" sizes=\"(max-width: 500px) 100vw, 500px\" \/><\/div>\n\t\t<\/a>\n\t\t\t\t<div class=\"elementor-post__text\">\n\t\t\t\t<h5 class=\"elementor-post__title\">\n\t\t\t<a href=\"https:\/\/istelcare.pl\/en\/telemedycyna-jako-narzedzie-walki-z-cukrzyca-wykorzystanie-technologii-telemedycznych-w-diabetologii\/\" >\n\t\t\t\tTelemedycyna jako narz\u0119dzie walki z cukrzyc\u0105 \u2013  wykorzystanie technologii telemedycznych w diabetologii.\t\t\t<\/a>\n\t\t<\/h5>\n\t\t\t\t<\/div>\n\t\t\t\t<\/article>\n\t\t\t\t<article class=\"elementor-post elementor-grid-item post-4265 post type-post status-publish format-standard has-post-thumbnail hentry\">\n\t\t\t\t<a class=\"elementor-post__thumbnail__link\" href=\"https:\/\/istelcare.pl\/en\/aktualnosci-korzysci-aktywnosci-fizycznej-u-osob-chorujacych\/\" >\n\t\t\t<div class=\"elementor-post__thumbnail\"><img decoding=\"async\" width=\"500\" height=\"500\" src=\"https:\/\/istelcare.pl\/wp-content\/uploads\/2021\/02\/DIAGNOSIS-Korzysci-regularnego-wysilku-fizycznego-1080px-500x500.png\" class=\"attachment-Image Size 500x500 size-Image Size 500x500 wp-image-4266\" alt=\"\" loading=\"lazy\" srcset=\"https:\/\/istelcare.pl\/wp-content\/uploads\/2021\/02\/DIAGNOSIS-Korzysci-regularnego-wysilku-fizycznego-1080px-500x500.png 500w, https:\/\/istelcare.pl\/wp-content\/uploads\/2021\/02\/DIAGNOSIS-Korzysci-regularnego-wysilku-fizycznego-1080px-300x300.png 300w, https:\/\/istelcare.pl\/wp-content\/uploads\/2021\/02\/DIAGNOSIS-Korzysci-regularnego-wysilku-fizycznego-1080px-1024x1024.png 1024w, https:\/\/istelcare.pl\/wp-content\/uploads\/2021\/02\/DIAGNOSIS-Korzysci-regularnego-wysilku-fizycznego-1080px-150x150.png 150w, https:\/\/istelcare.pl\/wp-content\/uploads\/2021\/02\/DIAGNOSIS-Korzysci-regularnego-wysilku-fizycznego-1080px-768x768.png 768w, https:\/\/istelcare.pl\/wp-content\/uploads\/2021\/02\/DIAGNOSIS-Korzysci-regularnego-wysilku-fizycznego-1080px-12x12.png 12w, https:\/\/istelcare.pl\/wp-content\/uploads\/2021\/02\/DIAGNOSIS-Korzysci-regularnego-wysilku-fizycznego-1080px.png 1080w\" sizes=\"(max-width: 500px) 100vw, 500px\" \/><\/div>\n\t\t<\/a>\n\t\t\t\t<div class=\"elementor-post__text\">\n\t\t\t\t<h5 class=\"elementor-post__title\">\n\t\t\t<a href=\"https:\/\/istelcare.pl\/en\/aktualnosci-korzysci-aktywnosci-fizycznej-u-osob-chorujacych\/\" >\n\t\t\t\tKorzy\u015bci aktywno\u015bci fizycznej u os\u00f3b choruj\u0105cych na cukrzyc\u0119\t\t\t<\/a>\n\t\t<\/h5>\n\t\t\t\t<\/div>\n\t\t\t\t<\/article>\n\t\t\t\t<article class=\"elementor-post elementor-grid-item post-4262 post type-post status-publish format-standard has-post-thumbnail hentry\">\n\t\t\t\t<a class=\"elementor-post__thumbnail__link\" href=\"https:\/\/istelcare.pl\/en\/aktualnosci-mam-cukrzyce-i-co-dalej\/\" >\n\t\t\t<div class=\"elementor-post__thumbnail\"><img decoding=\"async\" width=\"500\" height=\"500\" src=\"https:\/\/istelcare.pl\/wp-content\/uploads\/2021\/02\/DIAGNOSIS-mam-cukrzyce-i-co-dalej-2-1080-500x500.png\" class=\"attachment-Image Size 500x500 size-Image Size 500x500 wp-image-4263\" alt=\"\" loading=\"lazy\" srcset=\"https:\/\/istelcare.pl\/wp-content\/uploads\/2021\/02\/DIAGNOSIS-mam-cukrzyce-i-co-dalej-2-1080-500x500.png 500w, https:\/\/istelcare.pl\/wp-content\/uploads\/2021\/02\/DIAGNOSIS-mam-cukrzyce-i-co-dalej-2-1080-300x300.png 300w, https:\/\/istelcare.pl\/wp-content\/uploads\/2021\/02\/DIAGNOSIS-mam-cukrzyce-i-co-dalej-2-1080-1024x1024.png 1024w, https:\/\/istelcare.pl\/wp-content\/uploads\/2021\/02\/DIAGNOSIS-mam-cukrzyce-i-co-dalej-2-1080-150x150.png 150w, https:\/\/istelcare.pl\/wp-content\/uploads\/2021\/02\/DIAGNOSIS-mam-cukrzyce-i-co-dalej-2-1080-768x768.png 768w, https:\/\/istelcare.pl\/wp-content\/uploads\/2021\/02\/DIAGNOSIS-mam-cukrzyce-i-co-dalej-2-1080-12x12.png 12w, https:\/\/istelcare.pl\/wp-content\/uploads\/2021\/02\/DIAGNOSIS-mam-cukrzyce-i-co-dalej-2-1080.png 1080w\" sizes=\"(max-width: 500px) 100vw, 500px\" \/><\/div>\n\t\t<\/a>\n\t\t\t\t<div class=\"elementor-post__text\">\n\t\t\t\t<h5 class=\"elementor-post__title\">\n\t\t\t<a href=\"https:\/\/istelcare.pl\/en\/aktualnosci-mam-cukrzyce-i-co-dalej\/\" >\n\t\t\t\tMam cukrzyc\u0119 i co dalej?\t\t\t<\/a>\n\t\t<\/h5>\n\t\t\t\t<\/div>\n\t\t\t\t<\/article>\n\t\t\t\t<article class=\"elementor-post elementor-grid-item post-4259 post type-post status-publish format-standard has-post-thumbnail hentry\">\n\t\t\t\t<a class=\"elementor-post__thumbnail__link\" href=\"https:\/\/istelcare.pl\/en\/aktualnosci-zespol-stopy-cukrzycowej-zsc\/\" >\n\t\t\t<div class=\"elementor-post__thumbnail\"><img decoding=\"async\" width=\"500\" height=\"500\" src=\"https:\/\/istelcare.pl\/wp-content\/uploads\/2021\/02\/DIAGNOSIS-pielegnacja-stop-w-cukrzycy-1080px-500x500.png\" class=\"attachment-Image Size 500x500 size-Image Size 500x500 wp-image-4260\" alt=\"\" loading=\"lazy\" srcset=\"https:\/\/istelcare.pl\/wp-content\/uploads\/2021\/02\/DIAGNOSIS-pielegnacja-stop-w-cukrzycy-1080px-500x500.png 500w, https:\/\/istelcare.pl\/wp-content\/uploads\/2021\/02\/DIAGNOSIS-pielegnacja-stop-w-cukrzycy-1080px-300x300.png 300w, https:\/\/istelcare.pl\/wp-content\/uploads\/2021\/02\/DIAGNOSIS-pielegnacja-stop-w-cukrzycy-1080px-1024x1024.png 1024w, https:\/\/istelcare.pl\/wp-content\/uploads\/2021\/02\/DIAGNOSIS-pielegnacja-stop-w-cukrzycy-1080px-150x150.png 150w, https:\/\/istelcare.pl\/wp-content\/uploads\/2021\/02\/DIAGNOSIS-pielegnacja-stop-w-cukrzycy-1080px-768x768.png 768w, https:\/\/istelcare.pl\/wp-content\/uploads\/2021\/02\/DIAGNOSIS-pielegnacja-stop-w-cukrzycy-1080px-12x12.png 12w, https:\/\/istelcare.pl\/wp-content\/uploads\/2021\/02\/DIAGNOSIS-pielegnacja-stop-w-cukrzycy-1080px.png 1080w\" sizes=\"(max-width: 500px) 100vw, 500px\" \/><\/div>\n\t\t<\/a>\n\t\t\t\t<div class=\"elementor-post__text\">\n\t\t\t\t<h5 class=\"elementor-post__title\">\n\t\t\t<a href=\"https:\/\/istelcare.pl\/en\/aktualnosci-zespol-stopy-cukrzycowej-zsc\/\" >\n\t\t\t\tZesp\u00f3\u0142 stopy cukrzycowej (ZSC)\t\t\t<\/a>\n\t\t<\/h5>\n\t\t\t\t<\/div>\n\t\t\t\t<\/article>\n\t\t\t\t<article class=\"elementor-post elementor-grid-item post-4256 post type-post status-publish format-standard has-post-thumbnail hentry\">\n\t\t\t\t<a class=\"elementor-post__thumbnail__link\" href=\"https:\/\/istelcare.pl\/en\/aktualnosci-telemedycyna-bezplatny-poradnik-dla-pacjentow\/\" >\n\t\t\t<div class=\"elementor-post__thumbnail\"><img decoding=\"async\" width=\"500\" height=\"500\" src=\"https:\/\/istelcare.pl\/wp-content\/uploads\/2021\/02\/DIAGNOSIS-TGR-Jak-korzystac-z-teleporad-TIFF-2c-500x500.png\" class=\"attachment-Image Size 500x500 size-Image Size 500x500 wp-image-4257\" alt=\"\" loading=\"lazy\" srcset=\"https:\/\/istelcare.pl\/wp-content\/uploads\/2021\/02\/DIAGNOSIS-TGR-Jak-korzystac-z-teleporad-TIFF-2c-500x500.png 500w, https:\/\/istelcare.pl\/wp-content\/uploads\/2021\/02\/DIAGNOSIS-TGR-Jak-korzystac-z-teleporad-TIFF-2c-300x300.png 300w, https:\/\/istelcare.pl\/wp-content\/uploads\/2021\/02\/DIAGNOSIS-TGR-Jak-korzystac-z-teleporad-TIFF-2c-1024x1024.png 1024w, https:\/\/istelcare.pl\/wp-content\/uploads\/2021\/02\/DIAGNOSIS-TGR-Jak-korzystac-z-teleporad-TIFF-2c-150x150.png 150w, https:\/\/istelcare.pl\/wp-content\/uploads\/2021\/02\/DIAGNOSIS-TGR-Jak-korzystac-z-teleporad-TIFF-2c-768x768.png 768w, https:\/\/istelcare.pl\/wp-content\/uploads\/2021\/02\/DIAGNOSIS-TGR-Jak-korzystac-z-teleporad-TIFF-2c-12x12.png 12w, https:\/\/istelcare.pl\/wp-content\/uploads\/2021\/02\/DIAGNOSIS-TGR-Jak-korzystac-z-teleporad-TIFF-2c.png 1080w\" sizes=\"(max-width: 500px) 100vw, 500px\" \/><\/div>\n\t\t<\/a>\n\t\t\t\t<div class=\"elementor-post__text\">\n\t\t\t\t<h5 class=\"elementor-post__title\">\n\t\t\t<a href=\"https:\/\/istelcare.pl\/en\/aktualnosci-telemedycyna-bezplatny-poradnik-dla-pacjentow\/\" >\n\t\t\t\tTelemedycyna &#8211; bezp\u0142atny poradnik dla pacjent\u00f3w i lekarzy\t\t\t<\/a>\n\t\t<\/h5>\n\t\t\t\t<\/div>\n\t\t\t\t<\/article>\n\t\t\t\t<article class=\"elementor-post elementor-grid-item post-849 post type-post status-publish format-standard has-post-thumbnail hentry\">\n\t\t\t\t<a class=\"elementor-post__thumbnail__link\" href=\"https:\/\/istelcare.pl\/en\/aktualnosci-poczatek-przygody-ze-sportem-w-cukrzycy\/\" >\n\t\t\t<div class=\"elementor-post__thumbnail\"><img decoding=\"async\" width=\"500\" height=\"500\" src=\"https:\/\/istelcare.pl\/wp-content\/uploads\/2020\/12\/aktywnosc-w-cukrzycy-zdjecie-500x500.jpg\" class=\"attachment-Image Size 500x500 size-Image Size 500x500 wp-image-850\" alt=\"\" loading=\"lazy\" srcset=\"https:\/\/istelcare.pl\/wp-content\/uploads\/2020\/12\/aktywnosc-w-cukrzycy-zdjecie-500x500.jpg 500w, https:\/\/istelcare.pl\/wp-content\/uploads\/2020\/12\/aktywnosc-w-cukrzycy-zdjecie-150x150.jpg 150w\" sizes=\"(max-width: 500px) 100vw, 500px\" \/><\/div>\n\t\t<\/a>\n\t\t\t\t<div class=\"elementor-post__text\">\n\t\t\t\t<h5 class=\"elementor-post__title\">\n\t\t\t<a href=\"https:\/\/istelcare.pl\/en\/aktualnosci-poczatek-przygody-ze-sportem-w-cukrzycy\/\" >\n\t\t\t\tPocz\u0105tek przygody ze sportem w cukrzycy\t\t\t<\/a>\n\t\t<\/h5>\n\t\t\t\t<\/div>\n\t\t\t\t<\/article>\n\t\t\t\t<article class=\"elementor-post elementor-grid-item post-851 post type-post status-publish format-standard has-post-thumbnail hentry\">\n\t\t\t\t<a class=\"elementor-post__thumbnail__link\" href=\"https:\/\/istelcare.pl\/en\/aktualnosci-odpornosc-w-cukrzycy\/\" >\n\t\t\t<div class=\"elementor-post__thumbnail\"><img decoding=\"async\" width=\"500\" height=\"500\" src=\"https:\/\/istelcare.pl\/wp-content\/uploads\/2020\/12\/odpornosc-w-cukrzycy-grafika-500x500.jpg\" class=\"attachment-Image Size 500x500 size-Image Size 500x500 wp-image-852\" alt=\"\" loading=\"lazy\" srcset=\"https:\/\/istelcare.pl\/wp-content\/uploads\/2020\/12\/odpornosc-w-cukrzycy-grafika-500x500.jpg 500w, https:\/\/istelcare.pl\/wp-content\/uploads\/2020\/12\/odpornosc-w-cukrzycy-grafika-150x150.jpg 150w\" sizes=\"(max-width: 500px) 100vw, 500px\" \/><\/div>\n\t\t<\/a>\n\t\t\t\t<div class=\"elementor-post__text\">\n\t\t\t\t<h5 class=\"elementor-post__title\">\n\t\t\t<a href=\"https:\/\/istelcare.pl\/en\/aktualnosci-odpornosc-w-cukrzycy\/\" >\n\t\t\t\tOdporno\u015b\u0107 w cukrzycy\t\t\t<\/a>\n\t\t<\/h5>\n\t\t\t\t<\/div>\n\t\t\t\t<\/article>\n\t\t\t\t<article class=\"elementor-post elementor-grid-item post-845 post type-post status-publish format-standard has-post-thumbnail hentry\">\n\t\t\t\t<a class=\"elementor-post__thumbnail__link\" href=\"https:\/\/istelcare.pl\/en\/aktualnosci-telemedycyna-w-sluzbie-przewlekle-chorym\/\" >\n\t\t\t<div class=\"elementor-post__thumbnail\"><img decoding=\"async\" width=\"500\" height=\"500\" src=\"https:\/\/istelcare.pl\/wp-content\/uploads\/2020\/12\/telemedycyna-zdjecie-500x500.jpg\" class=\"attachment-Image Size 500x500 size-Image Size 500x500 wp-image-846\" alt=\"\" loading=\"lazy\" srcset=\"https:\/\/istelcare.pl\/wp-content\/uploads\/2020\/12\/telemedycyna-zdjecie-500x500.jpg 500w, https:\/\/istelcare.pl\/wp-content\/uploads\/2020\/12\/telemedycyna-zdjecie-150x150.jpg 150w\" sizes=\"(max-width: 500px) 100vw, 500px\" \/><\/div>\n\t\t<\/a>\n\t\t\t\t<div class=\"elementor-post__text\">\n\t\t\t\t<h5 class=\"elementor-post__title\">\n\t\t\t<a href=\"https:\/\/istelcare.pl\/en\/aktualnosci-telemedycyna-w-sluzbie-przewlekle-chorym\/\" >\n\t\t\t\tTelemedycyna w s\u0142u\u017cbie przewlekle chorym\t\t\t<\/a>\n\t\t<\/h5>\n\t\t\t\t<\/div>\n\t\t\t\t<\/article>\n\t\t\t\t<\/div>\n\t\t\n\t\t\t\t<\/div>\n\t\t\t\t<\/div>\n\t\t\t\t\t\t<\/div>\n\t\t\t\t\t<\/div>\n\t\t<\/div>\n\t\t\t\t\t\t\t\t<\/div>\n\t\t\t\t\t<\/div>\n\t\t<\/section>\n\t\t\t\t\t\t\t\t\t<\/div>\n\t\t\t<\/div>\n\t\t\t\t\t<\/div>","protected":false},"excerpt":{"rendered":"<p>News<\/p>","protected":false},"author":1,"featured_media":0,"parent":0,"menu_order":0,"comment_status":"closed","ping_status":"closed","template":"full-width.php","meta":[],"tags":[],"acf":[],"yoast_head":"<!-- This site is optimized with the Yoast SEO plugin v20.8 - https:\/\/yoast.com\/wordpress\/plugins\/seo\/ -->\n<title>Aktualno\u015bci - IstelCare.pl<\/title>\n<meta name=\"robots\" content=\"index, follow, max-snippet:-1, max-image-preview:large, max-video-preview:-1\" \/>\n<link rel=\"canonical\" href=\"https:\/\/istelcare.pl\/en\/aktualnosci\/\" \/>\n<meta property=\"og:locale\" content=\"en_GB\" \/>\n<meta property=\"og:type\" content=\"article\" \/>\n<meta property=\"og:title\" content=\"Aktualno\u015bci - IstelCare.pl\" \/>\n<meta property=\"og:description\" content=\"Aktualno\u015bci\" \/>\n<meta property=\"og:url\" content=\"https:\/\/istelcare.pl\/en\/aktualnosci\/\" \/>\n<meta property=\"og:site_name\" content=\"IstelCare.pl\" \/>\n<meta property=\"article:modified_time\" content=\"2021-04-22T13:40:39+00:00\" \/>\n<meta name=\"twitter:card\" content=\"summary_large_image\" \/>\n<meta name=\"twitter:label1\" content=\"Estimated reading time\" \/>\n\t<meta name=\"twitter:data1\" content=\"2 minutes\" \/>\n<script type=\"application\/ld+json\" class=\"yoast-schema-graph\">{\"@context\":\"https:\/\/schema.org\",\"@graph\":[{\"@type\":\"WebPage\",\"@id\":\"https:\/\/istelcare.pl\/aktualnosci\/\",\"url\":\"https:\/\/istelcare.pl\/aktualnosci\/\",\"name\":\"Aktualno\u015bci - IstelCare.pl\",\"isPartOf\":{\"@id\":\"https:\/\/istelcare.pl\/#website\"},\"datePublished\":\"2020-12-14T16:03:27+00:00\",\"dateModified\":\"2021-04-22T13:40:39+00:00\",\"breadcrumb\":{\"@id\":\"https:\/\/istelcare.pl\/aktualnosci\/#breadcrumb\"},\"inLanguage\":\"en-GB\",\"potentialAction\":[{\"@type\":\"ReadAction\",\"target\":[\"https:\/\/istelcare.pl\/aktualnosci\/\"]}]},{\"@type\":\"BreadcrumbList\",\"@id\":\"https:\/\/istelcare.pl\/aktualnosci\/#breadcrumb\",\"itemListElement\":[{\"@type\":\"ListItem\",\"position\":1,\"name\":\"Istelcare\",\"item\":\"https:\/\/istelcare.pl\/\"},{\"@type\":\"ListItem\",\"position\":2,\"name\":\"Aktualno\u015bci\"}]},{\"@type\":\"WebSite\",\"@id\":\"https:\/\/istelcare.pl\/#website\",\"url\":\"https:\/\/istelcare.pl\/\",\"name\":\"IstelCare.pl\",\"description\":\"Zdalne monitorowanie zdrowia pacjent\u00f3w\",\"publisher\":{\"@id\":\"https:\/\/istelcare.pl\/#organization\"},\"potentialAction\":[{\"@type\":\"SearchAction\",\"target\":{\"@type\":\"EntryPoint\",\"urlTemplate\":\"https:\/\/istelcare.pl\/?s={search_term_string}\"},\"query-input\":\"required name=search_term_string\"}],\"inLanguage\":\"en-GB\"},{\"@type\":\"Organization\",\"@id\":\"https:\/\/istelcare.pl\/#organization\",\"name\":\"Istelcare\",\"url\":\"https:\/\/istelcare.pl\/\",\"logo\":{\"@type\":\"ImageObject\",\"inLanguage\":\"en-GB\",\"@id\":\"https:\/\/istelcare.pl\/#\/schema\/logo\/image\/\",\"url\":\"https:\/\/istelcare.pl\/wp-content\/uploads\/2021\/03\/android-chrome-512x512-2.png\",\"contentUrl\":\"https:\/\/istelcare.pl\/wp-content\/uploads\/2021\/03\/android-chrome-512x512-2.png\",\"width\":179,\"height\":179,\"caption\":\"Istelcare\"},\"image\":{\"@id\":\"https:\/\/istelcare.pl\/#\/schema\/logo\/image\/\"}}]}<\/script>\n<!-- \/ Yoast SEO plugin. -->","yoast_head_json":{"title":"Aktualno\u015bci - IstelCare.pl","robots":{"index":"index","follow":"follow","max-snippet":"max-snippet:-1","max-image-preview":"max-image-preview:large","max-video-preview":"max-video-preview:-1"},"canonical":"https:\/\/istelcare.pl\/en\/aktualnosci\/","og_locale":"en_GB","og_type":"article","og_title":"Aktualno\u015bci - IstelCare.pl","og_description":"Aktualno\u015bci","og_url":"https:\/\/istelcare.pl\/en\/aktualnosci\/","og_site_name":"IstelCare.pl","article_modified_time":"2021-04-22T13:40:39+00:00","twitter_card":"summary_large_image","twitter_misc":{"Estimated reading time":"2 minutes"},"schema":{"@context":"https:\/\/schema.org","@graph":[{"@type":"WebPage","@id":"https:\/\/istelcare.pl\/aktualnosci\/","url":"https:\/\/istelcare.pl\/aktualnosci\/","name":"Aktualno\u015bci - IstelCare.pl","isPartOf":{"@id":"https:\/\/istelcare.pl\/#website"},"datePublished":"2020-12-14T16:03:27+00:00","dateModified":"2021-04-22T13:40:39+00:00","breadcrumb":{"@id":"https:\/\/istelcare.pl\/aktualnosci\/#breadcrumb"},"inLanguage":"en-GB","potentialAction":[{"@type":"ReadAction","target":["https:\/\/istelcare.pl\/aktualnosci\/"]}]},{"@type":"BreadcrumbList","@id":"https:\/\/istelcare.pl\/aktualnosci\/#breadcrumb","itemListElement":[{"@type":"ListItem","position":1,"name":"Istelcare","item":"https:\/\/istelcare.pl\/"},{"@type":"ListItem","position":2,"name":"Aktualno\u015bci"}]},{"@type":"WebSite","@id":"https:\/\/istelcare.pl\/#website","url":"https:\/\/istelcare.pl\/","name":"IstelCare.pl","description":"Zdalne monitorowanie zdrowia pacjent\u00f3w","publisher":{"@id":"https:\/\/istelcare.pl\/#organization"},"potentialAction":[{"@type":"SearchAction","target":{"@type":"EntryPoint","urlTemplate":"https:\/\/istelcare.pl\/?s={search_term_string}"},"query-input":"required name=search_term_string"}],"inLanguage":"en-GB"},{"@type":"Organization","@id":"https:\/\/istelcare.pl\/#organization","name":"Istelcare","url":"https:\/\/istelcare.pl\/","logo":{"@type":"ImageObject","inLanguage":"en-GB","@id":"https:\/\/istelcare.pl\/#\/schema\/logo\/image\/","url":"https:\/\/istelcare.pl\/wp-content\/uploads\/2021\/03\/android-chrome-512x512-2.png","contentUrl":"https:\/\/istelcare.pl\/wp-content\/uploads\/2021\/03\/android-chrome-512x512-2.png","width":179,"height":179,"caption":"Istelcare"},"image":{"@id":"https:\/\/istelcare.pl\/#\/schema\/logo\/image\/"}}]}},"_links":{"self":[{"href":"https:\/\/istelcare.pl\/en\/wp-json\/wp\/v2\/pages\/728"}],"collection":[{"href":"https:\/\/istelcare.pl\/en\/wp-json\/wp\/v2\/pages"}],"about":[{"href":"https:\/\/istelcare.pl\/en\/wp-json\/wp\/v2\/types\/page"}],"author":[{"embeddable":true,"href":"https:\/\/istelcare.pl\/en\/wp-json\/wp\/v2\/users\/1"}],"replies":[{"embeddable":true,"href":"https:\/\/istelcare.pl\/en\/wp-json\/wp\/v2\/comments?post=728"}],"version-history":[{"count":8,"href":"https:\/\/istelcare.pl\/en\/wp-json\/wp\/v2\/pages\/728\/revisions"}],"predecessor-version":[{"id":5557,"href":"https:\/\/istelcare.pl\/en\/wp-json\/wp\/v2\/pages\/728\/revisions\/5557"}],"wp:attachment":[{"href":"https:\/\/istelcare.pl\/en\/wp-json\/wp\/v2\/media?parent=728"}],"wp:term":[{"taxonomy":"post_tag","embeddable":true,"href":"https:\/\/istelcare.pl\/en\/wp-json\/wp\/v2\/tags?post=728"}],"curies":[{"name":"wp","href":"https:\/\/api.w.org\/{rel}","templated":true}]}}